{"id":331,"date":"2024-07-03T13:55:27","date_gmt":"2024-07-03T11:55:27","guid":{"rendered":"https:\/\/alexc.works\/?page_id=331"},"modified":"2024-07-03T13:55:27","modified_gmt":"2024-07-03T11:55:27","slug":"spele","status":"publish","type":"page","link":"https:\/\/alexc.works\/en\/spele\/","title":{"rendered":"Game"},"content":{"rendered":"<div class=\"wp-block-group has-foreground-background-color has-background is-layout-constrained wp-container-core-group-is-layout-f3beef6d wp-block-group-is-layout-constrained\">\n<div id=\"detektivs\" class=\"wp-block-group is-layout-flow wp-block-group-is-layout-flow\" style=\"border-style:none;border-width:0px;border-radius:0px;padding-top:10px;padding-right:10px;padding-bottom:10px;padding-left:10px\">\n<div class=\"wp-block-media-text alignwide is-stacked-on-mobile has-background-color has-foreground-background-color has-text-color has-background\"><figure class=\"wp-block-media-text__media\"><img loading=\"lazy\" decoding=\"async\" width=\"500\" height=\"500\" src=\"https:\/\/alexc.works\/wp-content\/uploads\/2023\/01\/6-1.png\" alt=\"\" class=\"wp-image-268 size-full\" srcset=\"https:\/\/alexc.works\/wp-content\/uploads\/2023\/01\/6-1.png 500w, https:\/\/alexc.works\/wp-content\/uploads\/2023\/01\/6-1-300x300.png 300w, https:\/\/alexc.works\/wp-content\/uploads\/2023\/01\/6-1-150x150.png 150w\" sizes=\"auto, (max-width: 500px) 100vw, 500px\" \/><\/figure><div class=\"wp-block-media-text__content\">\n<div class=\"wp-block-group is-layout-flow wp-block-group-is-layout-flow\">\n<p class=\"has-text-align-center\"><strong>Aicin\u0101m tevi piedal\u012bties sp\u0113l\u0113&nbsp;<em>Medijprat\u012bbas detekt\u012bvs<\/em>! <\/strong><\/p>\n\n\n\n<p class=\"has-text-align-center\">Ar \u0161\u012bs sp\u0113les pal\u012bdz\u012bbu tu iem\u0101c\u012bsies, k\u0101 izmantot da\u017e\u0101dus interneta resursus, lai p\u0101rbaud\u012btu inform\u0101ciju un viltus zi\u0146as.<\/p>\n\n\n\n<div class=\"wp-block-buttons is-content-justification-center is-layout-flex wp-container-core-buttons-is-layout-a89b3969 wp-block-buttons-is-layout-flex\">\n<div class=\"wp-block-button is-style-outline is-style-outline--1\"><a class=\"wp-block-button__link wp-element-button\" href=\"https:\/\/alexc.works\/wp-content\/uploads\/2023\/01\/medijpratibas-detektivs.html\">Sp\u0113l\u0113t \u0161eit!<\/a><\/div>\n<\/div>\n<\/div>\n<\/div><\/div>\n<\/div>\n<\/div>","protected":false},"excerpt":{"rendered":"<p>Aicin\u0101m tevi piedal\u012bties sp\u0113l\u0113&nbsp;Medijprat\u012bbas detekt\u012bvs! Ar \u0161\u012bs sp\u0113les pal\u012bdz\u012bbu tu iem\u0101c\u012bsies, k\u0101 izmantot da\u017e\u0101dus interneta resursus, lai p\u0101rbaud\u012btu inform\u0101ciju un viltus zi\u0146as.<\/p>","protected":false},"author":3,"featured_media":0,"parent":0,"menu_order":0,"comment_status":"closed","ping_status":"closed","template":"","meta":{"inline_featured_image":false,"_uag_custom_page_level_css":"","footnotes":""},"class_list":["post-331","page","type-page","status-publish","hentry"],"uagb_featured_image_src":{"full":false,"thumbnail":false,"medium":false,"medium_large":false,"large":false,"1536x1536":false,"2048x2048":false,"trp-custom-language-flag":false},"uagb_author_info":{"display_name":"alexc.","author_link":"https:\/\/alexc.works\/en\/author\/alexc\/"},"uagb_comment_info":0,"uagb_excerpt":"Aicin\u0101m tevi piedal\u012bties sp\u0113l\u0113&nbsp;Medijprat\u012bbas detekt\u012bvs! Ar \u0161\u012bs sp\u0113les pal\u012bdz\u012bbu tu iem\u0101c\u012bsies, k\u0101 izmantot da\u017e\u0101dus interneta resursus, lai p\u0101rbaud\u012btu inform\u0101ciju un viltus zi\u0146as.","_links":{"self":[{"href":"https:\/\/alexc.works\/en\/wp-json\/wp\/v2\/pages\/331","targetHints":{"allow":["GET"]}}],"collection":[{"href":"https:\/\/alexc.works\/en\/wp-json\/wp\/v2\/pages"}],"about":[{"href":"https:\/\/alexc.works\/en\/wp-json\/wp\/v2\/types\/page"}],"author":[{"embeddable":true,"href":"https:\/\/alexc.works\/en\/wp-json\/wp\/v2\/users\/3"}],"replies":[{"embeddable":true,"href":"https:\/\/alexc.works\/en\/wp-json\/wp\/v2\/comments?post=331"}],"version-history":[{"count":2,"href":"https:\/\/alexc.works\/en\/wp-json\/wp\/v2\/pages\/331\/revisions"}],"predecessor-version":[{"id":335,"href":"https:\/\/alexc.works\/en\/wp-json\/wp\/v2\/pages\/331\/revisions\/335"}],"wp:attachment":[{"href":"https:\/\/alexc.works\/en\/wp-json\/wp\/v2\/media?parent=331"}],"curies":[{"name":"wp","href":"https:\/\/api.w.org\/{rel}","templated":true}]}}