{"id":362,"date":"2024-07-08T13:46:09","date_gmt":"2024-07-08T11:46:09","guid":{"rendered":"https:\/\/alexc.works\/?page_id=362"},"modified":"2024-10-28T10:59:06","modified_gmt":"2024-10-28T08:59:06","slug":"raboty-iz-universiteta","status":"publish","type":"page","link":"https:\/\/alexc.works\/en\/raboty-iz-universiteta\/","title":{"rendered":"Works from University"},"content":{"rendered":"<p class=\"has-text-align-center\">This page is designed to display works written during university studies. The list consists of articles that were created to complete assignments during education, from 2022 to 2025.<br>The entries are arranged in chronological order.<\/p>\n\n\n\n<hr class=\"wp-block-separator has-alpha-channel-opacity\"\/>\n\n\n\n<div class=\"wp-block-uagb-advanced-heading uagb-block-75245a0a\"><h4 class=\"uagb-heading-text\"><strong>Written works<\/strong><\/h4><\/div>\n\n\n\n<ul class=\"wp-block-list\">\n<li><a href=\"https:\/\/alexc.works\/en\/2024\/07\/08\/bardainie-majas-draugi\/\" data-type=\"post\" data-id=\"376\">B\u0101rdainie m\u0101jas draugi<\/a> (2024)<\/li>\n\n\n\n<li><a href=\"https:\/\/alexc.works\/en\/2024\/07\/08\/but-gatavam-visam-ugunsdzeseju-ikdiena\/\" data-type=\"post\" data-id=\"374\">B\u016bt gatavam vis\u0101m: ugunsdz\u0113s\u0113ju ikdiena<\/a> (2024)<\/li>\n\n\n\n<li><a href=\"https:\/\/alexc.works\/en\/2024\/07\/08\/ne-tik-bezspecigie-jauniesi-politika-mainit-pasauli-nav-viegli\/\" data-type=\"post\" data-id=\"367\">Ne tik bezsp\u0113c\u012bgie jaunie\u0161i politik\u0101: main\u012bt pasauli nav viegli.<\/a> (2023)<\/li>\n\n\n\n<li><a href=\"https:\/\/alexc.works\/en\/2024\/07\/08\/no-latvijas-skolnieces-uz-krievijas-studenti-stasts-par-studijam-krievija-kara-laika\/\" data-type=\"post\" data-id=\"371\">No Latvijas skolnieces uz Krievijas studenti. St\u0101sts par studij\u0101m Krievij\u0101 kara laik\u0101<\/a> (2023)<\/li>\n\n\n\n<li><a href=\"https:\/\/alexc.works\/en\/2024\/07\/08\/sava-stasta-varonis-jeb-lomu-speles-un-jauniesi\/\" data-type=\"post\" data-id=\"369\">Sava st\u0101sta varonis, jeb lomu sp\u0113les un jaunie\u0161i.<\/a> (2023)<\/li>\n\n\n\n<li><a href=\"https:\/\/alexc.works\/en\/2024\/07\/08\/fotografijas-kas-kratija-sabiedribu\/\" data-type=\"post\" data-id=\"364\">Fotogr\u0101fijas, kas krat\u012bja sabiedr\u012bbu<\/a> (2022)<\/li>\n<\/ul>\n\n\n\n<hr class=\"wp-block-separator has-alpha-channel-opacity is-style-dots\"\/>\n\n\n\n<div class=\"wp-block-uagb-advanced-heading uagb-block-2a61c131\"><h4 class=\"uagb-heading-text\"><strong>Audio works<\/strong><\/h4><\/div>\n\n\n\n<ul class=\"wp-block-list\">\n<li><a href=\"https:\/\/alexc.works\/en\/2024\/10\/17\/klacas-par-kriminalu-podkasta-serija\/\" data-type=\"post\" data-id=\"394\">Kla\u010das par krimin\u0101lu \u2013 podkasta s\u0113rija<\/a> (2024)<\/li>\n<\/ul>\n\n\n\n<p><\/p>","protected":false},"excerpt":{"rendered":"<p>\u0414\u0430\u043d\u043d\u0430\u044f \u0441\u0442\u0440\u0430\u043d\u0438\u0446\u0430 \u0441\u043e\u0437\u0434\u0430\u043d\u0430 \u0434\u043b\u044f \u043f\u043e\u043a\u0430\u0437\u0430 \u0440\u0430\u0431\u043e\u0442 \u043d\u0430\u043f\u0438\u0441\u0430\u043d\u043d\u044b\u0445 \u0432\u043e \u0432\u0440\u0435\u043c\u044f \u043e\u0431\u0443\u0447\u0435\u043d\u0438\u044f \u0432 \u0443\u043d\u0438\u0432\u0435\u0440\u0441\u0438\u0442\u0435\u0442\u0435. \u0421\u043f\u0438\u0441\u043e\u043a \u0441\u043e\u0441\u0442\u043e\u0438\u0442 \u0438\u0437 \u0441\u0442\u0430\u0442\u0435\u0439, \u0430\u0443\u0434\u0438\u043e \u0438 \u0434\u0440\u0443\u0433\u0438\u0445 \u0432\u0438\u0434\u043e\u0432 \u0444\u0430\u0439\u043b\u043e\u0432, \u043a\u043e\u0442\u043e\u0440\u044b\u0435 \u0431\u044b\u043b\u0438 \u0441\u043e\u0437\u0434\u0430\u043d\u043d\u044b \u0434\u043b\u044f \u0432\u044b\u043f\u043e\u043b\u043d\u0435\u043d\u0438\u044f \u0437\u0430\u0434\u0430\u043d\u0438\u0439 \u0432\u043e \u0432\u0440\u0435\u043c\u044f \u043f\u043e\u043b\u0443\u0447\u0435\u043d\u0438\u044f \u043e\u0431\u0440\u0430\u0437\u043e\u0432\u0430\u043d\u0438\u044f, \u0441 2022 \u043f\u043e 2025 \u0433\u043e\u0434\u0430.\u0417\u0430\u043f\u0438\u0441\u0438 \u0440\u0430\u0441\u043f\u043e\u043b\u043e\u0436\u0435\u043d\u043d\u044b \u0432 \u0445\u0440\u043e\u043d\u043e\u043b\u043e\u0433\u0438\u0447\u0435\u0441\u043a\u043e\u043c \u043f\u043e\u0440\u044f\u0434\u043a\u0435. \u0422\u0435\u043a\u0441\u0442\u043e\u0432\u044b\u0435 \u0440\u0430\u0431\u043e\u0442\u044b \u0410\u0443\u0434\u0438\u043e \u0440\u0430\u0431\u043e\u0442\u044b<\/p>","protected":false},"author":3,"featured_media":0,"parent":0,"menu_order":0,"comment_status":"closed","ping_status":"closed","template":"","meta":{"inline_featured_image":false,"_uag_custom_page_level_css":"","footnotes":""},"class_list":["post-362","page","type-page","status-publish","hentry"],"uagb_featured_image_src":{"full":false,"thumbnail":false,"medium":false,"medium_large":false,"large":false,"1536x1536":false,"2048x2048":false,"trp-custom-language-flag":false},"uagb_author_info":{"display_name":"alexc.","author_link":"https:\/\/alexc.works\/en\/author\/alexc\/"},"uagb_comment_info":0,"uagb_excerpt":"\u0414\u0430\u043d\u043d\u0430\u044f \u0441\u0442\u0440\u0430\u043d\u0438\u0446\u0430 \u0441\u043e\u0437\u0434\u0430\u043d\u0430 \u0434\u043b\u044f \u043f\u043e\u043a\u0430\u0437\u0430 \u0440\u0430\u0431\u043e\u0442 \u043d\u0430\u043f\u0438\u0441\u0430\u043d\u043d\u044b\u0445 \u0432\u043e \u0432\u0440\u0435\u043c\u044f \u043e\u0431\u0443\u0447\u0435\u043d\u0438\u044f \u0432 \u0443\u043d\u0438\u0432\u0435\u0440\u0441\u0438\u0442\u0435\u0442\u0435. \u0421\u043f\u0438\u0441\u043e\u043a \u0441\u043e\u0441\u0442\u043e\u0438\u0442 \u0438\u0437 \u0441\u0442\u0430\u0442\u0435\u0439, \u0430\u0443\u0434\u0438\u043e \u0438 \u0434\u0440\u0443\u0433\u0438\u0445 \u0432\u0438\u0434\u043e\u0432 \u0444\u0430\u0439\u043b\u043e\u0432, \u043a\u043e\u0442\u043e\u0440\u044b\u0435 \u0431\u044b\u043b\u0438 \u0441\u043e\u0437\u0434\u0430\u043d\u043d\u044b \u0434\u043b\u044f \u0432\u044b\u043f\u043e\u043b\u043d\u0435\u043d\u0438\u044f \u0437\u0430\u0434\u0430\u043d\u0438\u0439 \u0432\u043e \u0432\u0440\u0435\u043c\u044f \u043f\u043e\u043b\u0443\u0447\u0435\u043d\u0438\u044f \u043e\u0431\u0440\u0430\u0437\u043e\u0432\u0430\u043d\u0438\u044f, \u0441 2022 \u043f\u043e 2025 \u0433\u043e\u0434\u0430.\u0417\u0430\u043f\u0438\u0441\u0438 \u0440\u0430\u0441\u043f\u043e\u043b\u043e\u0436\u0435\u043d\u043d\u044b \u0432 \u0445\u0440\u043e\u043d\u043e\u043b\u043e\u0433\u0438\u0447\u0435\u0441\u043a\u043e\u043c \u043f\u043e\u0440\u044f\u0434\u043a\u0435. \u0422\u0435\u043a\u0441\u0442\u043e\u0432\u044b\u0435 \u0440\u0430\u0431\u043e\u0442\u044b \u0410\u0443\u0434\u0438\u043e \u0440\u0430\u0431\u043e\u0442\u044b","_links":{"self":[{"href":"https:\/\/alexc.works\/en\/wp-json\/wp\/v2\/pages\/362","targetHints":{"allow":["GET"]}}],"collection":[{"href":"https:\/\/alexc.works\/en\/wp-json\/wp\/v2\/pages"}],"about":[{"href":"https:\/\/alexc.works\/en\/wp-json\/wp\/v2\/types\/page"}],"author":[{"embeddable":true,"href":"https:\/\/alexc.works\/en\/wp-json\/wp\/v2\/users\/3"}],"replies":[{"embeddable":true,"href":"https:\/\/alexc.works\/en\/wp-json\/wp\/v2\/comments?post=362"}],"version-history":[{"count":13,"href":"https:\/\/alexc.works\/en\/wp-json\/wp\/v2\/pages\/362\/revisions"}],"predecessor-version":[{"id":481,"href":"https:\/\/alexc.works\/en\/wp-json\/wp\/v2\/pages\/362\/revisions\/481"}],"wp:attachment":[{"href":"https:\/\/alexc.works\/en\/wp-json\/wp\/v2\/media?parent=362"}],"curies":[{"name":"wp","href":"https:\/\/api.w.org\/{rel}","templated":true}]}}